{"id":118,"date":"2024-01-08T15:20:11","date_gmt":"2024-01-08T14:20:11","guid":{"rendered":"https:\/\/slatys.com\/index.php\/a-propos\/"},"modified":"2024-01-12T15:16:35","modified_gmt":"2024-01-12T14:16:35","slug":"a-propos","status":"publish","type":"page","link":"https:\/\/slatys.com\/index.php\/a-propos\/","title":{"rendered":"Qui sommes-nous ?"},"content":{"rendered":"<!--themify_builder_content-->\n<div id=\"themify_builder_content-118\" data-postid=\"118\" class=\"themify_builder_content themify_builder_content-118 themify_builder tf_clear\">\n    \t\t\t\t<div  data-css_id=\"86sm0\" data-lazy=\"1\" class=\"module_row themify_builder_row fullwidth tb_86sm0 tb_first tf_w\">\n\t\t\t\t\t\t<div class=\"row_inner col_align_top tb_col_count_1 tf_box tf_rel\">\n\t\t\t\t\t\t<div  data-lazy=\"1\" class=\"module_column tb-column col-full tb_8ixl0 first\">\n\t\t\t\t\t<!-- module text -->\n<div  class=\"module module-text tb_jof7252   \" data-lazy=\"1\">\n\t    <div  class=\"tb_text_wrap\">\n\t\t<h1>Notre histoire<\/h1>    <\/div>\n<\/div>\n<!-- \/module text -->\t\t<\/div>\n\t\t\t\t\t\t<\/div>\n\t\t<\/div>\n\t\t\t\t\t\t<div  data-css_id=\"9mat740\" data-lazy=\"1\" class=\"module_row themify_builder_row fullwidth tb_9mat740 tf_w\">\n\t\t\t\t\t\t<div class=\"row_inner col_align_top tb_col_count_1 tf_box tf_rel\">\n\t\t\t\t\t\t<div  data-lazy=\"1\" class=\"module_column tb-column col-full tb_0zlc741 first\">\n\t\t\t\t\t\t\t<div  data-lazy=\"1\" class=\"module_subrow themify_builder_sub_row tf_w col_align_top tb_col_count_2 tb_7u3s742\">\n\t\t\t\t<div  data-lazy=\"1\" class=\"module_column sub_column tb_fufj744 first\">\n\t\t\t\t\t<!-- module image -->\n<div  class=\"module module-image tb_8wj3744 image-center   tf_mw\" data-lazy=\"1\">\n        <div class=\"image-wrap tf_rel tf_mw\">\n\t\t    <img loading=\"lazy\" decoding=\"async\" src=\"https:\/\/slatys.com\/wp-content\/uploads\/2024\/01\/graphic-studio-work-2-500x517.webp\" width=\"500\" height=\"517\" class=\"wp-post-image wp-image-123\" title=\"graphic-studio-work-2\" alt=\"graphic-studio-work-2\" srcset=\"https:\/\/slatys.com\/wp-content\/uploads\/2024\/01\/graphic-studio-work-2.webp 500w, https:\/\/slatys.com\/wp-content\/uploads\/2024\/01\/graphic-studio-work-2-290x300.webp 290w\" sizes=\"auto, (max-width: 500px) 100vw, 500px\" \/>\t\n\t\t<\/div>\n\t<!-- \/image-wrap -->\n    \n    \t<\/div>\n<!-- \/module image --><!-- module text -->\n<div  class=\"module module-text tb_o89g233   \" data-lazy=\"1\">\n\t    <div  class=\"tb_text_wrap\">\n\t\t<h2>Notre vision<\/h2>    <\/div>\n<\/div>\n<!-- \/module text --><!-- module text -->\n<div  class=\"module module-text tb_oj15378   \" data-lazy=\"1\">\n\t    <div  class=\"tb_text_wrap\">\n\t\t<p><\/p>\n<p>Notre vision est profond\u00e9ment ancr\u00e9e dans la conviction que chaque entreprise est unique, avec des besoins sp\u00e9cifiques qui n\u00e9cessitent une approche sur mesure. Nous croyons fermement en l&#8217;\u00e9tablissement d&#8217;une relation de confiance solide avec nos clients, car c&#8217;est dans cet environnement sain que naissent les collaborations fructueuses.<\/p>\n<p><span style=\"background-color: initial;\">Nous pensons que l&#8217;alignement entre les processus et les technologies est essentiel pour permettre \u00e0 votre entreprise de fonctionner de mani\u00e8re harmonieuse et performante. Nous nous engageons \u00e0 vous accompagner dans cette d\u00e9marche, en fa\u00e7onnant des solutions sur mesure qui s&#8217;adaptent \u00e0 vos processus m\u00e9tier sp\u00e9cifiques et exploitent pleinement le potentiel des outils disponibles<\/span><\/p>    <\/div>\n<\/div>\n<!-- \/module text -->\t\t<\/div>\n\t\t\t\t\t<div  data-lazy=\"1\" class=\"module_column sub_column tb_f47q746 last\">\n\t\t\t\t\t<!-- module text -->\n<div  class=\"module module-text tb_po29747   \" data-lazy=\"1\">\n\t    <div  class=\"tb_text_wrap\">\n\t\t<p><\/p>\n<p>SLATYS est fond\u00e9e en 2024 , afin d&#8217;apporter une r\u00e9ponse sp\u00e9cifique \u00e0 chaque entreprise qui souhaite am\u00e9liorer ses process m\u00e9tier et moderniser son syst\u00e8me d&#8217;information.<\/p>\n<p>Nous sommes fermement persuad\u00e9s que les \u00e9quipes de la Direction des Syst\u00e8mes d&#8217;Information (DSI) doivent jouer un r\u00f4le privil\u00e9gi\u00e9 en tant que partenaires essentiels des \u00e9quipes m\u00e9tiers. Il est imp\u00e9ratif qu&#8217;elles collaborent \u00e9troitement, main dans la main, afin d&#8217;optimiser les performances de l&#8217;entreprise.<\/p><p>Ainsi, chaque projet de transformation, qu&#8217;il s&#8217;agisse du d\u00e9ploiement d&#8217;un ERP, d&#8217;un CRM, d&#8217;un WMS, d&#8217;un site e-commerce ou d&#8217;un OMS par exemple, se concr\u00e9tisera avec succ\u00e8s.<br><\/p>\n<p><\/p>\n<p><\/p>    <\/div>\n<\/div>\n<!-- \/module text --><!-- module text -->\n<div  class=\"module module-text tb_92xm265   \" data-lazy=\"1\">\n\t    <div  class=\"tb_text_wrap\">\n\t\t<h2 style=\"color: #3c4858;\">Notre raison d&#8217;\u00eatre<\/h2>    <\/div>\n<\/div>\n<!-- \/module text --><!-- module text -->\n<div  class=\"module module-text tb_fepj536   \" data-lazy=\"1\">\n\t    <div  class=\"tb_text_wrap\">\n\t\t<p><\/p>\n<p>Notre objectif est d&#8217;orchestrer la transformation du syst\u00e8me d&#8217;information des organisations en offrant un accompagnement strat\u00e9gique, des conseils sp\u00e9cialis\u00e9s, et en favorisant l&#8217;alignement optimal entre les SI, les processus m\u00e9tiers et les objectifs strat\u00e9giques de l&#8217;entreprise. Notre engagement repose sur la cr\u00e9ation de valeur durable pour nos clients, en mobilisant une expertise pointue, des partenariats strat\u00e9giques et une approche int\u00e9gr\u00e9e pour r\u00e9pondre aux d\u00e9fis complexes de l&#8217;\u00e9volution technologique et organisationnelle.<\/p>    <\/div>\n<\/div>\n<!-- \/module text -->\t\t<\/div>\n\t\t\t\t\t<\/div>\n\t\t\t\t<\/div>\n\t\t\t\t\t\t<\/div>\n\t\t<\/div>\n\t\t\t\t\t\t<div  data-css_id=\"sp3x563\" data-lazy=\"1\" class=\"module_row themify_builder_row fullwidth tb_sp3x563 tf_w\">\n\t\t\t\t\t\t<div class=\"row_inner col_align_top tb_col_count_1 tf_box tf_rel\">\n\t\t\t\t\t\t<div  data-lazy=\"1\" class=\"module_column tb-column col-full tb_o30t563 first\">\n\t\t\t\t\t\t\t<\/div>\n\t\t\t\t\t\t<\/div>\n\t\t<\/div>\n\t\t\t\t\t\t<div  data-css_id=\"rng1612\" data-lazy=\"1\" class=\"module_row themify_builder_row fullwidth tb_rng1612 tf_w\">\n\t\t\t\t\t\t<div class=\"row_inner col_align_top tb_col_count_1 tf_box tf_rel\">\n\t\t\t\t\t\t<div  data-lazy=\"1\" class=\"module_column tb-column col-full tb_394e612 first\">\n\t\t\t\t\t<!-- module fancy heading -->\n<div  class=\"module module-fancy-heading tb_tt4h750  tb_hide_divider\" data-lazy=\"1\">\n\t    <h2 class=\"fancy-heading tf_textc\">\n    <span class=\"main-head tf_block\">\n\t\t\t\t\tNotre \u00e9quipe\t\t    <\/span>\n\n\t\n    <span class=\"sub-head tf_block tf_rel\">\n\t\t\t\t\tNous travaillons ensemble avec nos clients et ne formons qu'une seule et m\u00eame \u00e9quipe\t\t    <\/span>\n    <\/h2>\n<\/div>\n<!-- \/module fancy heading -->\n\t\t<div  data-lazy=\"1\" class=\"module_subrow themify_builder_sub_row tf_w col_align_top tb_col_count_2 tb_e3uf750\">\n\t\t\t\t<div  data-lazy=\"1\" class=\"module_column sub_column col4-2 tb_yc9n750 first\">\n\t\t\t\t\t<!-- module image -->\n<div  class=\"module module-image tb_ba9o750 image-left circle  tf_mw tb_gs3015d0\" data-lazy=\"1\">\n        <div class=\"image-wrap tf_rel tf_mw\">\n\t\t    <img loading=\"lazy\" decoding=\"async\" src=\"http:\/\/slatys.com\/wp-content\/uploads\/2024\/01\/Ludivine-JALLET.png\" width=\"160\" height=\"441\" title=\"Ludivine JALLET\" alt=\"CEO \/ Consultante\">\t\n\t\t<\/div>\n\t<!-- \/image-wrap -->\n    \n    \t<div class=\"image-content\">\n\t    \t\t\t<h3 class=\"image-title\">\n\t\t\t\t\t\t\t\t\tLudivine JALLET\t\t\t\t\t\t\t<\/h3>\n\t    \t    \t\t<div class=\"image-caption tb_text_wrap\">\n\t\t    CEO \/ Consultante\t    <\/div>\n\t    <!-- \/image-caption -->\n\t    \t<\/div>\n\t<!-- \/image-content -->\n    \t<\/div>\n<!-- \/module image -->\t\t<\/div>\n\t\t\t\t\t<div  data-lazy=\"1\" class=\"module_column sub_column col4-2 tb_qlq8752 last\">\n\t\t\t\t\t<!-- module text -->\n<div  class=\"module module-text tb_uauy388   \" data-lazy=\"1\">\n\t    <div  class=\"tb_text_wrap\">\n\t\t<p><span style=\"color: #374151; font-family: S\u00f6hne, ui-sans-serif, system-ui, -apple-system, 'Segoe UI', Roboto, Ubuntu, Cantarell, 'Noto Sans', sans-serif, 'Helvetica Neue', Arial, 'Apple Color Emoji', 'Segoe UI Emoji', 'Segoe UI Symbol', 'Noto Color Emoji'; font-size: 16px; white-space-collapse: preserve;\">Avec plus de 20 ans d&#8217;exp\u00e9rience, je suis votre partenaire d\u00e9di\u00e9e pour l&#8217;optimisation strat\u00e9gique de votre entreprise. Mon parcours professionnel m&#8217;a conduit \u00e0 occuper des postes cl\u00e9s tels que Responsable de Domaine Commerce Omnicanal et Directrice des Syst\u00e8mes d&#8217;Information, o\u00f9 j&#8217;ai dirig\u00e9 avec succ\u00e8s des projets structurants.<\/span><\/p>    <\/div>\n<\/div>\n<!-- \/module text -->\t\t<\/div>\n\t\t\t\t\t<\/div>\n\t\t\t\t<div  data-lazy=\"1\" class=\"module_subrow themify_builder_sub_row tf_w col_align_top tb_col_count_2 tb_zf7p553\">\n\t\t\t\t<div  data-lazy=\"1\" class=\"module_column sub_column col4-2 tb_dwpc554 first\">\n\t\t\t\t\t<!-- module image -->\n<div  class=\"module module-image tb_4d2t730 image-left circle  tf_mw tb_gs3015d0\" data-lazy=\"1\">\n        <div class=\"image-wrap tf_rel tf_mw\">\n\t\t    <img loading=\"lazy\" decoding=\"async\" src=\"http:\/\/slatys.com\/wp-content\/uploads\/2024\/01\/clients.png\" width=\"160\" height=\"441\" title=\"Clients\" alt=\"Clients\">\t\n\t\t<\/div>\n\t<!-- \/image-wrap -->\n    \n    \t<div class=\"image-content\">\n\t    \t\t\t<h3 class=\"image-title\">\n\t\t\t\t\t\t\t\t\tClients\t\t\t\t\t\t\t<\/h3>\n\t    \t    \t<\/div>\n\t<!-- \/image-content -->\n    \t<\/div>\n<!-- \/module image -->\t\t<\/div>\n\t\t\t\t\t<div  data-lazy=\"1\" class=\"module_column sub_column col4-2 tb_6jdg554 last\">\n\t\t\t\t\t<!-- module text -->\n<div  class=\"module module-text tb_tn25549   \" data-lazy=\"1\">\n\t    <div  class=\"tb_text_wrap\">\n\t\t<p><font color=\"#374151\" face=\"S\u00f6hne, ui-sans-serif, system-ui, -apple-system, Segoe UI, Roboto, Ubuntu, Cantarell, Noto Sans, sans-serif, Helvetica Neue, Arial, Apple Color Emoji, Segoe UI Emoji, Segoe UI Symbol, Noto Color Emoji\"><span style=\"font-size: 16px; white-space-collapse: preserve;\">La collaboration en \u00e9quipe est d&#8217;une importance capitale, constituant la pierre angulaire de tous les triomphes. Nous unissons nos forces de mani\u00e8re \u00e9troite et harmonieuse afin de concr\u00e9tiser avec succ\u00e8s les projets les plus ambitieux.<\/span><\/font><br><\/p>    <\/div>\n<\/div>\n<!-- \/module text -->\t\t<\/div>\n\t\t\t\t\t<\/div>\n\t\t\t\t<\/div>\n\t\t\t\t\t\t<\/div>\n\t\t<\/div>\n\t\t<\/div>\n<!--\/themify_builder_content-->","protected":false},"excerpt":{"rendered":"<p>Notre histoire<\/p>\n","protected":false},"author":1,"featured_media":0,"parent":0,"menu_order":0,"comment_status":"closed","ping_status":"closed","template":"","meta":{"footnotes":""},"class_list":["post-118","page","type-page","status-publish","hentry"],"builder_content":"<h1>Notre histoire<\/h1>\n<img src=\"https:\/\/slatys.com\/wp-content\/uploads\/2024\/01\/graphic-studio-work-2-500x517.webp\" width=\"500\" height=\"517\" title=\"graphic-studio-work-2\" alt=\"graphic-studio-work-2\" srcset=\"https:\/\/slatys.com\/wp-content\/uploads\/2024\/01\/graphic-studio-work-2.webp 500w, https:\/\/slatys.com\/wp-content\/uploads\/2024\/01\/graphic-studio-work-2-290x300.webp 290w\" sizes=\"(max-width: 500px) 100vw, 500px\" \/>\n<h2>Notre vision<\/h2>\n<p><\/p> <p>Notre vision est profond\u00e9ment ancr\u00e9e dans la conviction que chaque entreprise est unique, avec des besoins sp\u00e9cifiques qui n\u00e9cessitent une approche sur mesure. Nous croyons fermement en l'\u00e9tablissement d'une relation de confiance solide avec nos clients, car c'est dans cet environnement sain que naissent les collaborations fructueuses.<\/p> <p>Nous pensons que l'alignement entre les processus et les technologies est essentiel pour permettre \u00e0 votre entreprise de fonctionner de mani\u00e8re harmonieuse et performante. Nous nous engageons \u00e0 vous accompagner dans cette d\u00e9marche, en fa\u00e7onnant des solutions sur mesure qui s'adaptent \u00e0 vos processus m\u00e9tier sp\u00e9cifiques et exploitent pleinement le potentiel des outils disponibles<\/p>\n<p><\/p> <p>SLATYS est fond\u00e9e en 2024 , afin d'apporter une r\u00e9ponse sp\u00e9cifique \u00e0 chaque entreprise qui souhaite am\u00e9liorer ses process m\u00e9tier et moderniser son syst\u00e8me d'information.<\/p> <p>Nous sommes fermement persuad\u00e9s que les \u00e9quipes de la Direction des Syst\u00e8mes d'Information (DSI) doivent jouer un r\u00f4le privil\u00e9gi\u00e9 en tant que partenaires essentiels des \u00e9quipes m\u00e9tiers. Il est imp\u00e9ratif qu'elles collaborent \u00e9troitement, main dans la main, afin d'optimiser les performances de l'entreprise.<\/p><p>Ainsi, chaque projet de transformation, qu'il s'agisse du d\u00e9ploiement d'un ERP, d'un CRM, d'un WMS, d'un site e-commerce ou d'un OMS par exemple, se concr\u00e9tisera avec succ\u00e8s.<br><\/p> <p><\/p> <p><\/p>\n<h2 style=\"color: #3c4858;\">Notre raison d'\u00eatre<\/h2>\n<p><\/p> <p>Notre objectif est d'orchestrer la transformation du syst\u00e8me d'information des organisations en offrant un accompagnement strat\u00e9gique, des conseils sp\u00e9cialis\u00e9s, et en favorisant l'alignement optimal entre les SI, les processus m\u00e9tiers et les objectifs strat\u00e9giques de l'entreprise. Notre engagement repose sur la cr\u00e9ation de valeur durable pour nos clients, en mobilisant une expertise pointue, des partenariats strat\u00e9giques et une approche int\u00e9gr\u00e9e pour r\u00e9pondre aux d\u00e9fis complexes de l'\u00e9volution technologique et organisationnelle.<\/p>\n<h2>Notre \u00e9quipe<br\/>Nous travaillons ensemble avec nos clients et ne formons qu'une seule et m\u00eame \u00e9quipe<\/h2>\n<img src=\"http:\/\/slatys.com\/wp-content\/uploads\/2024\/01\/Ludivine-JALLET.png\" width=\"160\" height=\"441\" title=\"Ludivine JALLET\" alt=\"CEO \/ Consultante\"> <h3> Ludivine JALLET <\/h3> CEO \/ Consultante\n<p>Avec plus de 20 ans d'exp\u00e9rience, je suis votre partenaire d\u00e9di\u00e9e pour l'optimisation strat\u00e9gique de votre entreprise. Mon parcours professionnel m'a conduit \u00e0 occuper des postes cl\u00e9s tels que Responsable de Domaine Commerce Omnicanal et Directrice des Syst\u00e8mes d'Information, o\u00f9 j'ai dirig\u00e9 avec succ\u00e8s des projets structurants.<\/p>\n<img src=\"http:\/\/slatys.com\/wp-content\/uploads\/2024\/01\/clients.png\" width=\"160\" height=\"441\" title=\"Clients\" alt=\"Clients\"> <h3> Clients <\/h3>\n<p><font color=\"#374151\" face=\"S\u00f6hne, ui-sans-serif, system-ui, -apple-system, Segoe UI, Roboto, Ubuntu, Cantarell, Noto Sans, sans-serif, Helvetica Neue, Arial, Apple Color Emoji, Segoe UI Emoji, Segoe UI Symbol, Noto Color Emoji\">La collaboration en \u00e9quipe est d'une importance capitale, constituant la pierre angulaire de tous les triomphes. Nous unissons nos forces de mani\u00e8re \u00e9troite et harmonieuse afin de concr\u00e9tiser avec succ\u00e8s les projets les plus ambitieux.<\/font><br><\/p>","_links":{"self":[{"href":"https:\/\/slatys.com\/index.php\/wp-json\/wp\/v2\/pages\/118","targetHints":{"allow":["GET"]}}],"collection":[{"href":"https:\/\/slatys.com\/index.php\/wp-json\/wp\/v2\/pages"}],"about":[{"href":"https:\/\/slatys.com\/index.php\/wp-json\/wp\/v2\/types\/page"}],"author":[{"embeddable":true,"href":"https:\/\/slatys.com\/index.php\/wp-json\/wp\/v2\/users\/1"}],"replies":[{"embeddable":true,"href":"https:\/\/slatys.com\/index.php\/wp-json\/wp\/v2\/comments?post=118"}],"version-history":[{"count":47,"href":"https:\/\/slatys.com\/index.php\/wp-json\/wp\/v2\/pages\/118\/revisions"}],"predecessor-version":[{"id":413,"href":"https:\/\/slatys.com\/index.php\/wp-json\/wp\/v2\/pages\/118\/revisions\/413"}],"wp:attachment":[{"href":"https:\/\/slatys.com\/index.php\/wp-json\/wp\/v2\/media?parent=118"}],"curies":[{"name":"wp","href":"https:\/\/api.w.org\/{rel}","templated":true}]}}