{"id":18,"date":"2024-01-03T17:04:39","date_gmt":"2024-01-03T16:04:39","guid":{"rendered":"https:\/\/slatys.com\/?page_id=18"},"modified":"2024-01-15T13:09:51","modified_gmt":"2024-01-15T12:09:51","slug":"nos-missions","status":"publish","type":"page","link":"https:\/\/slatys.com\/index.php\/nos-missions\/","title":{"rendered":"Nos missions"},"content":{"rendered":"<!--themify_builder_content-->\n<div id=\"themify_builder_content-18\" data-postid=\"18\" class=\"themify_builder_content themify_builder_content-18 themify_builder tf_clear\">\n    \t\t\t\t<div  data-css_id=\"ebwd561\" data-lazy=\"1\" class=\"module_row themify_builder_row fullwidth tb_ebwd561 tb_first tf_w\">\n\t\t\t\t\t\t<div class=\"row_inner col_align_top tb_col_count_1 tf_box tf_rel\">\n\t\t\t\t\t\t<div  data-lazy=\"1\" class=\"module_column tb-column col-full tb_lxqo561 first\">\n\t\t\t\t\t<!-- module text -->\n<div  class=\"module module-text tb_9yq0868   \" data-lazy=\"1\">\n\t    <div  class=\"tb_text_wrap\">\n\t\t<h1 style=\"text-align: center;\">Nos missions<\/h1>    <\/div>\n<\/div>\n<!-- \/module text -->\t\t<\/div>\n\t\t\t\t\t\t<\/div>\n\t\t<\/div>\n\t\t\t\t\t\t<div  data-css_id=\"kjad185\" data-lazy=\"1\" class=\"module_row themify_builder_row fullwidth tb_kjad185 tf_w\">\n\t\t\t\t\t\t<div class=\"row_inner col_align_top tb_col_count_1 tf_box tf_rel\">\n\t\t\t\t\t\t<div  data-lazy=\"1\" class=\"module_column tb-column col-full tb_se7z186 first\">\n\t\t\t\t\t\t\t<div  data-lazy=\"1\" class=\"module_subrow themify_builder_sub_row tf_w col_align_top tb_col_count_1 tb_i97w528\">\n\t\t\t\t<div  data-lazy=\"1\" class=\"module_column sub_column col-full tb_q5b0528 first\">\n\t\t\t\t\t<!-- module text -->\n<div  class=\"module module-text tb_1d8m31  repeat \" data-lazy=\"1\">\n\t    <div  class=\"tb_text_wrap\">\n\t\t<p style=\"text-align: center;\">Nous nous positionnons en tant que partenaire strat\u00e9gique, offrant une expertise diversifi\u00e9e qui englobe l&#8217;ensemble des projets structurants pour les entreprises. Que ce soit dans le domaine du e-commerce, du d\u00e9ploiement d&#8217;ERP, de la gestion des commandes (OMS), du click and collect, du syst\u00e8me de gestion d&#8217;entrep\u00f4t (WMS), nous sommes sp\u00e9cialis\u00e9s dans la conception, la mise en \u0153uvre et l&#8217;optimisation de solutions sur mesure. Notre champ d&#8217;action s&#8217;\u00e9tend \u00e0 tous les aspects cruciaux de la transformation num\u00e9rique des entreprises. Ce qui distingue notre approche, c&#8217;est notre m\u00e9thodologie projet rigoureuse, garantissant une gestion efficace, transparente et efficiente \u00e0 chaque \u00e9tape, de la conceptualisation \u00e0 la r\u00e9alisation.&nbsp;<br><\/p><p style=\"text-align: center;\">En tant que pilote ou directeur de projet informatique, nous avons accompagn\u00e9 des entreprises de toutes tailles dans la r\u00e9ussite de leurs projets.<\/p><p style=\"text-align: center;\">Nous sommes \u00e9galement convaincus que le dialogue entre les diff\u00e9rents acteurs d&#8217;un projet est essentiel \u00e0 sa r\u00e9ussite. Nous assurons donc le lien entre les m\u00e9tiers, la DSI et les int\u00e9grateurs pour garantir la coh\u00e9rence du projet et son bon d\u00e9roulement.<\/p>    <\/div>\n<\/div>\n<!-- \/module text -->\t\t<\/div>\n\t\t\t\t\t<\/div>\n\t\t\t\t<\/div>\n\t\t\t\t\t\t<\/div>\n\t\t<\/div>\n\t\t\t\t\t\t<div  data-css_id=\"5cn1454\" data-lazy=\"1\" class=\"module_row themify_builder_row accounting-services compliance-planning fullwidth tb_5cn1454 tf_w\">\n\t\t\t\t\t\t<div class=\"row_inner col_align_top tb_col_count_1 tf_box tf_rel\">\n\t\t\t\t\t\t<div  data-lazy=\"1\" class=\"module_column tb-column col-full tb_gye9454 first\">\n\t\t\t\t\t\t\t<div  data-lazy=\"1\" class=\"module_subrow themify_builder_sub_row tf_w col_align_top tb_col_count_3 tb_w6o9454\">\n\t\t\t\t<div  data-lazy=\"1\" class=\"module_column sub_column col3-1 tb_6wmz454 first\">\n\t\t\t\t\t<!-- module image -->\n<div  class=\"module module-image tb_oyb4454 image-center   tf_mw wow\" data-tf-animation=\"zoomIn\" data-lazy=\"1\">\n        <div class=\"image-wrap tf_rel tf_mw\">\n\t\t    <img loading=\"lazy\" decoding=\"async\" src=\"http:\/\/slatys.com\/wp-content\/uploads\/2024\/01\/e-commerce.png\" width=\"80\" height=\"512\" title=\"Site e-commerce\" alt=\"Depuis plus de 15 ans, nous sommes sp\u00e9cialis\u00e9s dans la gestion et l&#039;accompagnement d\u00e9di\u00e9s \u00e0 la cr\u00e9ation, refonte et \u00e9volutions de sites e-commerce.\">\t\n\t\t<\/div>\n\t<!-- \/image-wrap -->\n    \n    \t<div class=\"image-content\">\n\t    \t\t\t<h3 class=\"image-title\">\n\t\t\t\t\t\t\t\t\tSite e-commerce\t\t\t\t\t\t\t<\/h3>\n\t    \t    \t\t<div class=\"image-caption tb_text_wrap\">\n\t\t    Depuis plus de 15 ans, nous sommes sp\u00e9cialis\u00e9s dans la gestion et l&#8217;accompagnement d\u00e9di\u00e9s \u00e0 la cr\u00e9ation, refonte et \u00e9volutions de sites e-commerce.\t    <\/div>\n\t    <!-- \/image-caption -->\n\t    \t<\/div>\n\t<!-- \/image-content -->\n    \t<\/div>\n<!-- \/module image -->\t\t<\/div>\n\t\t\t\t\t<div  data-lazy=\"1\" class=\"module_column sub_column col3-1 tb_k5oz454\">\n\t\t\t\t\t<!-- module image -->\n<div  class=\"module module-image tb_8hip454 image-center   tf_mw wow\" data-tf-animation=\"zoomIn\" data-tf-animation_delay=\".2\" data-lazy=\"1\">\n        <div class=\"image-wrap tf_rel tf_mw\">\n\t\t    <img loading=\"lazy\" decoding=\"async\" src=\"http:\/\/slatys.com\/wp-content\/uploads\/2024\/01\/OMS.png\" width=\"80\" height=\"512\" title=\"OMS\" alt=\"Parce que mettre en place un OMS n\u00e9cessite plus que jamais d&#039;avoir une vision transverse de vos process, nous vous accompagnons afin de s\u00e9curiser la mise en place et de limiter les impacts dans vos \u00e9quipes.\">\t\n\t\t<\/div>\n\t<!-- \/image-wrap -->\n    \n    \t<div class=\"image-content\">\n\t    \t\t\t<h3 class=\"image-title\">\n\t\t\t\t\t\t\t\t\tOMS\t\t\t\t\t\t\t<\/h3>\n\t    \t    \t\t<div class=\"image-caption tb_text_wrap\">\n\t\t    Parce que mettre en place un OMS n\u00e9cessite plus que jamais d&#8217;avoir une vision transverse de vos process, nous vous accompagnons afin de s\u00e9curiser la mise en place et de limiter les impacts dans vos \u00e9quipes.\t    <\/div>\n\t    <!-- \/image-caption -->\n\t    \t<\/div>\n\t<!-- \/image-content -->\n    \t<\/div>\n<!-- \/module image -->\t\t<\/div>\n\t\t\t\t\t<div  data-lazy=\"1\" class=\"module_column sub_column col3-1 tb_dnqm454 last\">\n\t\t\t\t\t<!-- module image -->\n<div  class=\"module module-image tb_e3ve454 image-center   tf_mw wow\" data-tf-animation=\"zoomIn\" data-tf-animation_delay=\".4\" data-lazy=\"1\">\n        <div class=\"image-wrap tf_rel tf_mw\">\n\t\t    <img loading=\"lazy\" decoding=\"async\" src=\"http:\/\/slatys.com\/wp-content\/uploads\/2024\/01\/erp.png\" width=\"80\" height=\"512\" title=\"ERP\" alt=\"C&#039;est la pierre angulaire de votre activit\u00e9. Nous vous aidons \u00e0 identifier et formaliser vos besoins et \u00e0 trouver la solution la plus adapt\u00e9e, puis \u00e0 la mettre en place au sein de votre organisation.\u00a0\">\t\n\t\t<\/div>\n\t<!-- \/image-wrap -->\n    \n    \t<div class=\"image-content\">\n\t    \t\t\t<h3 class=\"image-title\">\n\t\t\t\t\t\t\t\t\tERP\t\t\t\t\t\t\t<\/h3>\n\t    \t    \t\t<div class=\"image-caption tb_text_wrap\">\n\t\t    C&#8217;est la pierre angulaire de votre activit\u00e9. Nous vous aidons \u00e0 identifier et formaliser vos besoins et \u00e0 trouver la solution la plus adapt\u00e9e, puis \u00e0 la mettre en place au sein de votre organisation.\u00a0\t    <\/div>\n\t    <!-- \/image-caption -->\n\t    \t<\/div>\n\t<!-- \/image-content -->\n    \t<\/div>\n<!-- \/module image -->\t\t<\/div>\n\t\t\t\t\t<\/div>\n\t\t\t\t<div  data-lazy=\"1\" class=\"module_subrow themify_builder_sub_row tf_w col_align_top tb_col_count_3 tb_84zw454\">\n\t\t\t\t<div  data-lazy=\"1\" class=\"module_column sub_column col3-1 tb_xpek454 first\">\n\t\t\t\t\t<!-- module image -->\n<div  class=\"module module-image tb_brwt454 image-center   tf_mw wow\" data-tf-animation=\"zoomIn\" data-tf-animation_delay=\".6\" data-lazy=\"1\">\n        <div class=\"image-wrap tf_rel tf_mw\">\n\t\t    <img loading=\"lazy\" decoding=\"async\" src=\"http:\/\/slatys.com\/wp-content\/uploads\/2024\/01\/CRM-2.png\" width=\"80\" height=\"512\" title=\"CRM\" alt=\"Connaitre ses clients et r\u00e9ussir \u00e0 la animer efficacement n\u00e9cessite un travail de fond lors de la s\u00e9lection et de la mise en place des bons outils. Nous vous accompagnerons \u00e0 chaque \u00e9tape.\">\t\n\t\t<\/div>\n\t<!-- \/image-wrap -->\n    \n    \t<div class=\"image-content\">\n\t    \t\t\t<h3 class=\"image-title\">\n\t\t\t\t\t\t\t\t\tCRM\t\t\t\t\t\t\t<\/h3>\n\t    \t    \t\t<div class=\"image-caption tb_text_wrap\">\n\t\t    Connaitre ses clients et r\u00e9ussir \u00e0 la animer efficacement n\u00e9cessite un travail de fond lors de la s\u00e9lection et de la mise en place des bons outils. Nous vous accompagnerons \u00e0 chaque \u00e9tape.\t    <\/div>\n\t    <!-- \/image-caption -->\n\t    \t<\/div>\n\t<!-- \/image-content -->\n    \t<\/div>\n<!-- \/module image -->\t\t<\/div>\n\t\t\t\t\t<div  data-lazy=\"1\" class=\"module_column sub_column col3-1 tb_ztge454\">\n\t\t\t\t\t<!-- module image -->\n<div  class=\"module module-image tb_kesh454 image-center   tf_mw wow\" data-tf-animation=\"zoomIn\" data-tf-animation_delay=\".8\" data-lazy=\"1\">\n        <div class=\"image-wrap tf_rel tf_mw\">\n\t\t    <img loading=\"lazy\" decoding=\"async\" src=\"http:\/\/slatys.com\/wp-content\/uploads\/2024\/01\/WMS.png\" width=\"80\" height=\"512\" title=\"WMS\" alt=\"Une logistique fluide et efficace est la cl\u00e9 pour r\u00e9ussire \u00e0 livrer vos clients rapidement. L&#039;organisation et la m\u00e9thodologie doivent \u00eatre soign\u00e9es pour que la mise en place ou l&#039;\u00e9volution d&#039;un WMS ne vienne pas perturber votre production.\">\t\n\t\t<\/div>\n\t<!-- \/image-wrap -->\n    \n    \t<div class=\"image-content\">\n\t    \t\t\t<h3 class=\"image-title\">\n\t\t\t\t\t\t\t\t\tWMS\t\t\t\t\t\t\t<\/h3>\n\t    \t    \t\t<div class=\"image-caption tb_text_wrap\">\n\t\t    Une logistique fluide et efficace est la cl\u00e9 pour r\u00e9ussire \u00e0 livrer vos clients rapidement. L&#8217;organisation et la m\u00e9thodologie doivent \u00eatre soign\u00e9es pour que la mise en place ou l&#8217;\u00e9volution d&#8217;un WMS ne vienne pas perturber votre production.\t    <\/div>\n\t    <!-- \/image-caption -->\n\t    \t<\/div>\n\t<!-- \/image-content -->\n    \t<\/div>\n<!-- \/module image -->\t\t<\/div>\n\t\t\t\t\t<div  data-lazy=\"1\" class=\"module_column sub_column col3-1 tb_woq6454 last\">\n\t\t\t\t\t<!-- module image -->\n<div  class=\"module module-image tb_s0ok454 image-center   tf_mw wow\" data-tf-animation=\"zoomIn\" data-tf-animation_delay=\"1\" data-lazy=\"1\">\n        <div class=\"image-wrap tf_rel tf_mw\">\n\t\t    <img loading=\"lazy\" decoding=\"async\" src=\"http:\/\/slatys.com\/wp-content\/uploads\/2024\/01\/service-clients.png\" width=\"80\" height=\"512\" title=\"Service client\" alt=\"Les outils sp\u00e9cialis\u00e9s facilitent la communication, automatisent les processus et offrent une vue holistique des interactions, permettant ainsi une r\u00e9ponse rapide, une personnalisation accrue et une gestion proactive des relations client. Nous sommes l\u00e0 pour vous aider \u00e0 faire les bons choix.\">\t\n\t\t<\/div>\n\t<!-- \/image-wrap -->\n    \n    \t<div class=\"image-content\">\n\t    \t\t\t<h3 class=\"image-title\">\n\t\t\t\t\t\t\t\t\tService client\t\t\t\t\t\t\t<\/h3>\n\t    \t    \t\t<div class=\"image-caption tb_text_wrap\">\n\t\t    Les outils sp\u00e9cialis\u00e9s facilitent la communication, automatisent les processus et offrent une vue holistique des interactions, permettant ainsi une r\u00e9ponse rapide, une personnalisation accrue et une gestion proactive des relations client. Nous sommes l\u00e0 pour vous aider \u00e0 faire les bons choix.\t    <\/div>\n\t    <!-- \/image-caption -->\n\t    \t<\/div>\n\t<!-- \/image-content -->\n    \t<\/div>\n<!-- \/module image -->\t\t<\/div>\n\t\t\t\t\t<\/div>\n\t\t\t\t<\/div>\n\t\t\t\t\t\t<\/div>\n\t\t<\/div>\n\t\t<\/div>\n<!--\/themify_builder_content-->","protected":false},"excerpt":{"rendered":"<p>Nos missions Nous nous positionnons en tant que partenaire strat\u00e9gique, offrant une expertise diversifi\u00e9e qui englobe l&#8217;ensemble des projets structurants pour les [&hellip;]<\/p>\n","protected":false},"author":1,"featured_media":0,"parent":0,"menu_order":0,"comment_status":"closed","ping_status":"closed","template":"","meta":{"footnotes":""},"class_list":["post-18","page","type-page","status-publish","hentry"],"builder_content":"<h1 style=\"text-align: center;\">Nos missions<\/h1>\n<p style=\"text-align: center;\">Nous nous positionnons en tant que partenaire strat\u00e9gique, offrant une expertise diversifi\u00e9e qui englobe l'ensemble des projets structurants pour les entreprises. Que ce soit dans le domaine du e-commerce, du d\u00e9ploiement d'ERP, de la gestion des commandes (OMS), du click and collect, du syst\u00e8me de gestion d'entrep\u00f4t (WMS), nous sommes sp\u00e9cialis\u00e9s dans la conception, la mise en \u0153uvre et l'optimisation de solutions sur mesure. Notre champ d'action s'\u00e9tend \u00e0 tous les aspects cruciaux de la transformation num\u00e9rique des entreprises. Ce qui distingue notre approche, c'est notre m\u00e9thodologie projet rigoureuse, garantissant une gestion efficace, transparente et efficiente \u00e0 chaque \u00e9tape, de la conceptualisation \u00e0 la r\u00e9alisation.&nbsp;<br><\/p><p style=\"text-align: center;\">En tant que pilote ou directeur de projet informatique, nous avons accompagn\u00e9 des entreprises de toutes tailles dans la r\u00e9ussite de leurs projets.<\/p><p style=\"text-align: center;\">Nous sommes \u00e9galement convaincus que le dialogue entre les diff\u00e9rents acteurs d'un projet est essentiel \u00e0 sa r\u00e9ussite. Nous assurons donc le lien entre les m\u00e9tiers, la DSI et les int\u00e9grateurs pour garantir la coh\u00e9rence du projet et son bon d\u00e9roulement.<\/p>\n<img src=\"http:\/\/slatys.com\/wp-content\/uploads\/2024\/01\/e-commerce.png\" width=\"80\" height=\"512\" title=\"Site e-commerce\" alt=\"Depuis plus de 15 ans, nous sommes sp\u00e9cialis\u00e9s dans la gestion et l&#039;accompagnement d\u00e9di\u00e9s \u00e0 la cr\u00e9ation, refonte et \u00e9volutions de sites e-commerce.\"> <h3> Site e-commerce <\/h3> Depuis plus de 15 ans, nous sommes sp\u00e9cialis\u00e9s dans la gestion et l'accompagnement d\u00e9di\u00e9s \u00e0 la cr\u00e9ation, refonte et \u00e9volutions de sites e-commerce.\n<img src=\"http:\/\/slatys.com\/wp-content\/uploads\/2024\/01\/OMS.png\" width=\"80\" height=\"512\" title=\"OMS\" alt=\"Parce que mettre en place un OMS n\u00e9cessite plus que jamais d&#039;avoir une vision transverse de vos process, nous vous accompagnons afin de s\u00e9curiser la mise en place et de limiter les impacts dans vos \u00e9quipes.\"> <h3> OMS <\/h3> Parce que mettre en place un OMS n\u00e9cessite plus que jamais d'avoir une vision transverse de vos process, nous vous accompagnons afin de s\u00e9curiser la mise en place et de limiter les impacts dans vos \u00e9quipes.\n<img src=\"http:\/\/slatys.com\/wp-content\/uploads\/2024\/01\/erp.png\" width=\"80\" height=\"512\" title=\"ERP\" alt=\"C&#039;est la pierre angulaire de votre activit\u00e9. Nous vous aidons \u00e0 identifier et formaliser vos besoins et \u00e0 trouver la solution la plus adapt\u00e9e, puis \u00e0 la mettre en place au sein de votre organisation.\u00a0\"> <h3> ERP <\/h3> C'est la pierre angulaire de votre activit\u00e9. Nous vous aidons \u00e0 identifier et formaliser vos besoins et \u00e0 trouver la solution la plus adapt\u00e9e, puis \u00e0 la mettre en place au sein de votre organisation.\u00a0\n<img src=\"http:\/\/slatys.com\/wp-content\/uploads\/2024\/01\/CRM-2.png\" width=\"80\" height=\"512\" title=\"CRM\" alt=\"Connaitre ses clients et r\u00e9ussir \u00e0 la animer efficacement n\u00e9cessite un travail de fond lors de la s\u00e9lection et de la mise en place des bons outils. Nous vous accompagnerons \u00e0 chaque \u00e9tape.\"> <h3> CRM <\/h3> Connaitre ses clients et r\u00e9ussir \u00e0 la animer efficacement n\u00e9cessite un travail de fond lors de la s\u00e9lection et de la mise en place des bons outils. Nous vous accompagnerons \u00e0 chaque \u00e9tape.\n<img src=\"http:\/\/slatys.com\/wp-content\/uploads\/2024\/01\/WMS.png\" width=\"80\" height=\"512\" title=\"WMS\" alt=\"Une logistique fluide et efficace est la cl\u00e9 pour r\u00e9ussire \u00e0 livrer vos clients rapidement. L&#039;organisation et la m\u00e9thodologie doivent \u00eatre soign\u00e9es pour que la mise en place ou l&#039;\u00e9volution d&#039;un WMS ne vienne pas perturber votre production.\"> <h3> WMS <\/h3> Une logistique fluide et efficace est la cl\u00e9 pour r\u00e9ussire \u00e0 livrer vos clients rapidement. L'organisation et la m\u00e9thodologie doivent \u00eatre soign\u00e9es pour que la mise en place ou l'\u00e9volution d'un WMS ne vienne pas perturber votre production.\n<img src=\"http:\/\/slatys.com\/wp-content\/uploads\/2024\/01\/service-clients.png\" width=\"80\" height=\"512\" title=\"Service client\" alt=\"Les outils sp\u00e9cialis\u00e9s facilitent la communication, automatisent les processus et offrent une vue holistique des interactions, permettant ainsi une r\u00e9ponse rapide, une personnalisation accrue et une gestion proactive des relations client. Nous sommes l\u00e0 pour vous aider \u00e0 faire les bons choix.\"> <h3> Service client <\/h3> Les outils sp\u00e9cialis\u00e9s facilitent la communication, automatisent les processus et offrent une vue holistique des interactions, permettant ainsi une r\u00e9ponse rapide, une personnalisation accrue et une gestion proactive des relations client. Nous sommes l\u00e0 pour vous aider \u00e0 faire les bons choix.","_links":{"self":[{"href":"https:\/\/slatys.com\/index.php\/wp-json\/wp\/v2\/pages\/18","targetHints":{"allow":["GET"]}}],"collection":[{"href":"https:\/\/slatys.com\/index.php\/wp-json\/wp\/v2\/pages"}],"about":[{"href":"https:\/\/slatys.com\/index.php\/wp-json\/wp\/v2\/types\/page"}],"author":[{"embeddable":true,"href":"https:\/\/slatys.com\/index.php\/wp-json\/wp\/v2\/users\/1"}],"replies":[{"embeddable":true,"href":"https:\/\/slatys.com\/index.php\/wp-json\/wp\/v2\/comments?post=18"}],"version-history":[{"count":33,"href":"https:\/\/slatys.com\/index.php\/wp-json\/wp\/v2\/pages\/18\/revisions"}],"predecessor-version":[{"id":481,"href":"https:\/\/slatys.com\/index.php\/wp-json\/wp\/v2\/pages\/18\/revisions\/481"}],"wp:attachment":[{"href":"https:\/\/slatys.com\/index.php\/wp-json\/wp\/v2\/media?parent=18"}],"curies":[{"name":"wp","href":"https:\/\/api.w.org\/{rel}","templated":true}]}}