{"id":460,"date":"2024-01-12T18:44:03","date_gmt":"2024-01-12T17:44:03","guid":{"rendered":"https:\/\/slatys.com\/?page_id=460"},"modified":"2024-01-16T15:59:45","modified_gmt":"2024-01-16T14:59:45","slug":"contact","status":"publish","type":"page","link":"https:\/\/slatys.com\/index.php\/contact\/","title":{"rendered":"Contact"},"content":{"rendered":"<!--themify_builder_content-->\n<div id=\"themify_builder_content-460\" data-postid=\"460\" class=\"themify_builder_content themify_builder_content-460 themify_builder tf_clear\">\n    \t\t\t\t<div  data-css_id=\"hkxm60\" data-lazy=\"1\" class=\"module_row themify_builder_row fullwidth tb_hkxm60 tb_first tf_w\">\n\t\t\t\t\t\t<div class=\"row_inner col_align_top tb_col_count_1 tf_box tf_rel\">\n\t\t\t\t\t\t<div  data-lazy=\"1\" class=\"module_column tb-column col-full tb_xowf60 first\">\n\t\t\t\t\t<!-- module text -->\n<div  class=\"module module-text tb_0g7w373   \" data-lazy=\"1\">\n\t    <div  class=\"tb_text_wrap\">\n\t\t<h1 style=\"text-align: center;\">Contactez-nous<\/h1>    <\/div>\n<\/div>\n<!-- \/module text -->\t\t<\/div>\n\t\t\t\t\t\t<\/div>\n\t\t<\/div>\n\t\t\t\t\t\t<div  data-css_id=\"n479402\" data-lazy=\"1\" class=\"module_row themify_builder_row fullwidth tb_n479402 tf_w\">\n\t\t\t\t\t\t<div class=\"row_inner col_align_top tb_col_count_1 tf_box tf_rel\">\n\t\t\t\t\t\t<div  data-lazy=\"1\" class=\"module_column tb-column col-full tb_dauy402 first\">\n\t\t\t\t\t\t\t<div  data-lazy=\"1\" class=\"module_subrow themify_builder_sub_row tf_w col_align_top tb_col_count_2 tb_qak9102\">\n\t\t\t\t<div  data-lazy=\"1\" class=\"module_column sub_column col4-2 tb_a8m0102 first\">\n\t\t\t\t\t<!-- module text -->\n<div  class=\"module module-text tb_av5l124   \" data-lazy=\"1\">\n\t    <div  class=\"tb_text_wrap\">\n\t\t<p>Entamons une conversation personnelle et approfondie sur vos aspirations commerciales et les d\u00e9fis auxquels votre entreprise est confront\u00e9e !<\/p>\n<p>Nous sommes pr\u00eats \u00e0 explorer avec vous les opportunit\u00e9s de collaboration, \u00e0 comprendre vos besoins sp\u00e9cifiques et \u00e0 \u00e9laborer des solutions sur mesure.<br>N&#8217;h\u00e9sitez pas \u00e0 nous joindre pour un \u00e9change constructif et d\u00e9couvrir comment SLATYS peut \u00eatre le partenaire id\u00e9al pour concr\u00e9tiser vos ambitions.<\/p><p><br><\/p><p><br><\/p>    <\/div>\n<\/div>\n<!-- \/module text --><!-- module icon -->\n<div  class=\"module module-icon tb_ria1759  xlarge circle icon_horizontal \" data-lazy=\"1\">\n\t\t\t<div class=\"module-icon-item\">\n\t\t\t\t\t\t\t\t\t\t\t\t\t\t\t\t<em class=\"tf_box\" style=\"background-color:rgba(75,90,227, 0);color:#d01818\"><svg  class=\"tf_fa tf-ti-location-pin\" aria-hidden=\"true\"><use href=\"#tf-ti-location-pin\"><\/use><\/svg><\/em>\n\t\t\t\t\t\t\t\t\t\t\t\t\t\t\t\t\t\t\t<span>Montpellier<\/span>\n\t\t\t\t\t\t\t\t\t\t\t\t\t\t\t<\/div>\n\t<\/div>\n<!-- \/module icon -->\n<!-- module text -->\n<div  class=\"module module-text tb_a9z5270   \" data-lazy=\"1\">\n\t    <div  class=\"tb_text_wrap\">\n\t\t<p>Nous intervenons dans vos locaux dans la r\u00e9gion, mais \u00e9galement dans toute la France<\/p>    <\/div>\n<\/div>\n<!-- \/module text --><!-- module icon -->\n<div  class=\"module module-icon tb_57s130  xlarge circle icon_horizontal \" data-lazy=\"1\">\n\t\t\t<div class=\"module-icon-item\">\n\t\t\t\t\t\t\t\t\t\t\t\t\t\t\t\t<em class=\"tf_box\" style=\"background-color:rgba(75,93,227, 0);color:#d01818\"><svg  class=\"tf_fa tf-fas-phone\" aria-hidden=\"true\"><use href=\"#tf-fas-phone\"><\/use><\/svg><\/em>\n\t\t\t\t\t\t\t\t\t\t\t\t\t\t\t\t\t\t\t<span>Appelez-nous<\/span>\n\t\t\t\t\t\t\t\t\t\t\t\t\t\t\t<\/div>\n\t<\/div>\n<!-- \/module icon -->\n<!-- module text -->\n<div  class=\"module module-text tb_6phv485   \" data-lazy=\"1\">\n\t    <div  class=\"tb_text_wrap\">\n\t\t<p>06 19 34 25 10<\/p>    <\/div>\n<\/div>\n<!-- \/module text -->\t\t<\/div>\n\t\t\t\t\t<div  data-lazy=\"1\" class=\"module_column sub_column col4-2 tb_4dz7102 last\">\n\t\t\t\t\t<!-- module plain text -->\n<div  class=\"module module-plain-text tb_gf5g478 \" data-lazy=\"1\">\n        <div class=\"tb_text_wrap\">\n\t<div class=\"wpforms-container wpforms-container-full\" id=\"wpforms-96\"><form id=\"wpforms-form-96\" class=\"wpforms-validate wpforms-form wpforms-ajax-form\" data-formid=\"96\" method=\"post\" enctype=\"multipart\/form-data\" action=\"\/index.php\/wp-json\/wp\/v2\/pages\/460\" data-token=\"327bfbb468ecb4894b7acef15d5324fa\"><noscript class=\"wpforms-error-noscript\">Please enable JavaScript in your browser to complete this form.<\/noscript><div class=\"wpforms-field-container\"><div id=\"wpforms-96-field_0-container\" class=\"wpforms-field wpforms-field-name\" data-field-id=\"0\"><label class=\"wpforms-field-label\" for=\"wpforms-96-field_0\">Nom <span class=\"wpforms-required-label\">*<\/span><\/label><div class=\"wpforms-field-row wpforms-field-medium\"><div class=\"wpforms-field-row-block wpforms-first wpforms-one-half\"><input type=\"text\" id=\"wpforms-96-field_0\" class=\"wpforms-field-name-first wpforms-field-required\" name=\"wpforms[fields][0][first]\" required><label for=\"wpforms-96-field_0\" class=\"wpforms-field-sublabel after \">First<\/label><\/div><div class=\"wpforms-field-row-block wpforms-one-half\"><input type=\"text\" id=\"wpforms-96-field_0-last\" class=\"wpforms-field-name-last wpforms-field-required\" name=\"wpforms[fields][0][last]\" required><label for=\"wpforms-96-field_0-last\" class=\"wpforms-field-sublabel after \">Last<\/label><\/div><\/div><\/div><div id=\"wpforms-96-field_1-container\" class=\"wpforms-field wpforms-field-email\" data-field-id=\"1\"><label class=\"wpforms-field-label\" for=\"wpforms-96-field_1\">E-mail <span class=\"wpforms-required-label\">*<\/span><\/label><input type=\"email\" id=\"wpforms-96-field_1\" class=\"wpforms-field-medium wpforms-field-required\" name=\"wpforms[fields][1]\" spellcheck=\"false\" required><\/div><div id=\"wpforms-96-field_3-container\" class=\"wpforms-field wpforms-field-text\" data-field-id=\"3\"><label class=\"wpforms-field-label\" for=\"wpforms-96-field_3\">Num\u00e9ro de t\u00e9l\u00e9phone<\/label><input type=\"text\" id=\"wpforms-96-field_3\" class=\"wpforms-field-small\" name=\"wpforms[fields][3]\" ><\/div><div id=\"wpforms-96-field_2-container\" class=\"wpforms-field wpforms-field-textarea\" data-field-id=\"2\"><label class=\"wpforms-field-label\" for=\"wpforms-96-field_2\">Quel est votre besoin, votre projet ?<\/label><textarea id=\"wpforms-96-field_2\" class=\"wpforms-field-medium\" name=\"wpforms[fields][2]\" ><\/textarea><\/div><\/div><!-- .wpforms-field-container --><div class=\"wpforms-submit-container\" ><input type=\"hidden\" name=\"wpforms[id]\" value=\"96\"><input type=\"hidden\" name=\"wpforms[author]\" value=\"1\"><button type=\"submit\" name=\"wpforms[submit]\" id=\"wpforms-submit-96\" class=\"wpforms-submit\" data-alt-text=\"Envoi...\" data-submit-text=\"Envoyer\" aria-live=\"assertive\" value=\"wpforms-submit\">Envoyer<\/button><img loading=\"lazy\" decoding=\"async\" src=\"https:\/\/slatys.com\/wp-content\/plugins\/wpforms-lite\/assets\/images\/submit-spin.svg\" class=\"wpforms-submit-spinner\" style=\"display: none;\" width=\"26\" height=\"26\" alt=\"Loading\"><\/div><\/form><\/div>  <!-- .wpforms-container -->    <\/div>\n<\/div>\n<!-- \/module plain text -->\t\t<\/div>\n\t\t\t\t\t<\/div>\n\t\t\t\t<\/div>\n\t\t\t\t\t\t<\/div>\n\t\t<\/div>\n\t\t<\/div>\n<!--\/themify_builder_content-->","protected":false},"excerpt":{"rendered":"<p>Contactez-nous Entamons une conversation personnelle et approfondie sur vos aspirations commerciales et les d\u00e9fis auxquels votre entreprise est confront\u00e9e ! Nous sommes [&hellip;]<\/p>\n","protected":false},"author":1,"featured_media":0,"parent":0,"menu_order":0,"comment_status":"closed","ping_status":"closed","template":"","meta":{"footnotes":""},"class_list":["post-460","page","type-page","status-publish","hentry"],"builder_content":"<h1 style=\"text-align: center;\">Contactez-nous<\/h1>\n<p>Entamons une conversation personnelle et approfondie sur vos aspirations commerciales et les d\u00e9fis auxquels votre entreprise est confront\u00e9e !<\/p> <p>Nous sommes pr\u00eats \u00e0 explorer avec vous les opportunit\u00e9s de collaboration, \u00e0 comprendre vos besoins sp\u00e9cifiques et \u00e0 \u00e9laborer des solutions sur mesure.<br>N'h\u00e9sitez pas \u00e0 nous joindre pour un \u00e9change constructif et d\u00e9couvrir comment SLATYS peut \u00eatre le partenaire id\u00e9al pour concr\u00e9tiser vos ambitions.<\/p><p><br><\/p><p><br><\/p>\n<em style=\"background-color:rgba(75,90,227, 0);color:#d01818\"><svg aria-hidden=\"true\"><use href=\"#tf-ti-location-pin\"><\/use><\/svg><\/em> Montpellier\n<p>Nous intervenons dans vos locaux dans la r\u00e9gion, mais \u00e9galement dans toute la France<\/p>\n<em style=\"background-color:rgba(75,93,227, 0);color:#d01818\"><svg aria-hidden=\"true\"><use href=\"#tf-fas-phone\"><\/use><\/svg><\/em> Appelez-nous\n<p>06 19 34 25 10<\/p>\n[wpforms id=\"96\"]","_links":{"self":[{"href":"https:\/\/slatys.com\/index.php\/wp-json\/wp\/v2\/pages\/460","targetHints":{"allow":["GET"]}}],"collection":[{"href":"https:\/\/slatys.com\/index.php\/wp-json\/wp\/v2\/pages"}],"about":[{"href":"https:\/\/slatys.com\/index.php\/wp-json\/wp\/v2\/types\/page"}],"author":[{"embeddable":true,"href":"https:\/\/slatys.com\/index.php\/wp-json\/wp\/v2\/users\/1"}],"replies":[{"embeddable":true,"href":"https:\/\/slatys.com\/index.php\/wp-json\/wp\/v2\/comments?post=460"}],"version-history":[{"count":11,"href":"https:\/\/slatys.com\/index.php\/wp-json\/wp\/v2\/pages\/460\/revisions"}],"predecessor-version":[{"id":488,"href":"https:\/\/slatys.com\/index.php\/wp-json\/wp\/v2\/pages\/460\/revisions\/488"}],"wp:attachment":[{"href":"https:\/\/slatys.com\/index.php\/wp-json\/wp\/v2\/media?parent=460"}],"curies":[{"name":"wp","href":"https:\/\/api.w.org\/{rel}","templated":true}]}}